{"id":394,"date":"2024-10-24T10:39:53","date_gmt":"2024-10-24T10:39:53","guid":{"rendered":"https:\/\/surova-domina.com\/?page_id=394"},"modified":"2024-11-02T14:02:49","modified_gmt":"2024-11-02T14:02:49","slug":"pravila","status":"publish","type":"page","link":"https:\/\/surova-domina.com\/?page_id=394","title":{"rendered":"Pravila"},"content":{"rendered":"\n<p style=\"font-size:25px\"><\/p>\n\n\n\n<div style=\"height:60px\" aria-hidden=\"true\" class=\"wp-block-spacer\"><\/div>\n\n\n\n<h1 class=\"wp-block-heading has-text-align-center\"><mark style=\"background-color:rgba(0, 0, 0, 0)\" class=\"has-inline-color has-zeever-secondary-color\">Pona\u0161anje<\/mark><\/h1>\n\n\n\n<div style=\"height:60px\" aria-hidden=\"true\" class=\"wp-block-spacer\"><\/div>\n\n\n\n<p class=\"has-text-align-center\" style=\"font-size:25px\">O\u010dekujem da mi se obra\u0107a\u0161 sa Madam ili Miss Dora, tako\u0111e \u0107u uzvratiti<br>obra\u0107anjem na na\u010din koji ti \u017eeli\u0161.<\/p>\n\n\n\n<p class=\"has-text-align-center\" style=\"font-size:25px\"><mark style=\"background-color:rgba(0, 0, 0, 0);color:#749eec\" class=\"has-inline-color\">Uvek i u svakom trenutku \u0107e\u0161 se pona\u0161ati sa po\u0161tovanjem prema meni.<\/mark><br>Ako ti je to te\u0161ko, onda me nemoj ni kontaktirati.<\/p>\n\n\n\n<div style=\"height:35px\" aria-hidden=\"true\" class=\"wp-block-spacer\"><\/div>\n\n\n\n<p class=\"has-text-align-center\" style=\"font-size:25px\"><mark style=\"background-color:rgba(0, 0, 0, 0);color:#749eec\" class=\"has-inline-color\">Ovde smo da ja dominiram tobom a ne obrnuto. <\/mark>Ne prihvatam ube\u0111ivanja<br>niti re\u017eisere seanse. Ja nisam lutka na koncu, ja nisam igra\u010dka na daljinsko<br>upravljanje, ve\u0107 sam saradnik i omogu\u0107avam ostvarivanje fantazija.<br>Sve cene su jasno izra\u017eene na stranicama u zavisnosti od du\u017eine i tipa<br>slu\u017eenja.<\/p>\n\n\n\n<div style=\"height:35px\" aria-hidden=\"true\" class=\"wp-block-spacer\"><\/div>\n\n\n\n<p class=\"has-text-align-center\" style=\"font-size:25px\"><mark style=\"background-color:rgba(0, 0, 0, 0);color:#b60b0b\" class=\"has-inline-color\">NIKAKO<\/mark> nemoj koristiti alkohol ili opijate pre seanse. Ako si uzeo drogu ili<br>alkohol ne\u0107u te primiti. Alkohol bi trebao biti ograni\u010den eventualno na<br><mark style=\"background-color:rgba(0, 0, 0, 0);color:#b60b0b\" class=\"has-inline-color\">JEDNO<\/mark> pi\u0107e, ukoliko i to nije dovoljno da te smiri onda nemoj uop\u0161te piti.<br>Biti u opijenom stanju na seansi je ozbiljan rizik za oboje. Ja ne dajem<br>pristanak za taj rizik. <mark style=\"background-color:rgba(0, 0, 0, 0);color:#749eec\" class=\"has-inline-color\">Ako si nervozan zbog seanse, obrati mi se da<br>na\u0111emo bolje, sigurnije re\u0161enje.<\/mark><\/p>\n\n\n\n<div style=\"height:35px\" aria-hidden=\"true\" class=\"wp-block-spacer\"><\/div>\n\n\n\n<p class=\"has-text-align-center\" style=\"font-size:25px\"><mark style=\"background-color:rgba(0, 0, 0, 0)\" class=\"has-inline-color has-zeever-secondary-color\">Zahtevam da vodi\u0161 ra\u010duna o li\u010dnoj higijeni.<\/mark> Na seanse dolazi sve\u017ee<br>istu\u0161iran, koristi dezodorans i vodi ra\u010duna da nema\u0161 zadah iz usta.<\/p>\n\n\n\n<div style=\"height:35px\" aria-hidden=\"true\" class=\"wp-block-spacer\"><\/div>\n\n\n\n<p class=\"has-text-align-center\" style=\"font-size:25px\"><mark style=\"background-color:rgba(0, 0, 0, 0);color:#749eec\" class=\"has-inline-color\">Nemoj koristiti jake parfeme.<\/mark> Miris ostaje po opremi, a Meni jako \u010desto<br>izaziva glavobolju.<\/p>\n\n\n\n<div style=\"height:35px\" aria-hidden=\"true\" class=\"wp-block-spacer\"><\/div>\n\n\n\n<p class=\"has-text-align-center\" style=\"font-size:25px\"><mark style=\"background-color:rgba(0, 0, 0, 0)\" class=\"has-inline-color has-zeever-primary-color\">Od mene <\/mark><mark style=\"background-color:rgba(0, 0, 0, 0);color:#b60b0b\" class=\"has-inline-color\">NE\u0106E\u0160<\/mark><mark style=\"background-color:rgba(0, 0, 0, 0)\" class=\"has-inline-color has-zeever-primary-color\"> tra\u017eiti da se skinem, masturbiram ili imam seksualni<br>odnos sa tobom. <\/mark><mark style=\"background-color:rgba(0, 0, 0, 0);color:#749eec\" class=\"has-inline-color\">Ako zatra\u017ei\u0161, odmah prekidam seansu, a ti \u0107e\u0161 biti<br>regrutovan za \u201eKako da ne budem glupa kurva\u201c trening koji uklju\u010duje i<br>izbacivanje naglava\u010dke kroz vrata<\/mark>.<\/p>\n\n\n\n<div style=\"height:35px\" aria-hidden=\"true\" class=\"wp-block-spacer\"><\/div>\n\n\n\n<p class=\"has-text-align-center\" style=\"font-size:25px\"><mark style=\"background-color:rgba(0, 0, 0, 0);color:#b60b0b\" class=\"has-inline-color\">NE\u0106E\u0160<\/mark> me dodirivati <mark style=\"background-color:rgba(0, 0, 0, 0);color:#b60b0b\" class=\"has-inline-color\">NI NA KOJI NA\u010cIN<\/mark> osim ako ti ne dam direktno<br>dopu\u0161tenje i nare\u0111enje. Ako se oglu\u0161i\u0161 na ovo pravilo, ne garantujem za<br>svoju reakciju koja mo\u017ee uklju\u010diti i tvoje povre\u0111ivanje. <mark style=\"background-color:rgba(0, 0, 0, 0);color:#b60b0b\" class=\"has-inline-color\">Tako\u0111e \u010de\u0161 biti<br>izba\u010den sa seanse bez refundiranja tro\u0161kova i ne\u0107e ti biti dozvoljen<br>povratak.<\/mark><\/p>\n\n\n\n<div style=\"height:35px\" aria-hidden=\"true\" class=\"wp-block-spacer\"><\/div>\n\n\n\n<p class=\"has-text-align-center\" style=\"font-size:25px\"><mark style=\"background-color:rgba(0, 0, 0, 0);color:#b60b0b\" class=\"has-inline-color\">NE \u017dELIM<\/mark> da slu\u0161am o tvom privatnom \u017eivotu \u2013 ukoliko nisam pitala.<br>Trenutak kad po\u010dne\u0161 da mi pri\u010da\u0161 o svojoj supruzi, deci, poslu\u2026 je<br>trenutak kad si me bez moje saglasnosti uvukao u neprijatnu situaciju.<br>Mene ne interesuju detalji, <mark style=\"background-color:rgba(0, 0, 0, 0);color:#b60b0b\" class=\"has-inline-color\">interesuju me smernice ka tvojoj fantaziji.<\/mark><\/p>\n\n\n\n<div style=\"height:60px\" aria-hidden=\"true\" class=\"wp-block-spacer\"><\/div>\n\n\n\n<h1 class=\"wp-block-heading has-text-align-center\"><mark style=\"background-color:rgba(0, 0, 0, 0)\" class=\"has-inline-color has-zeever-secondary-color\">Diskrecija<\/mark><\/h1>\n\n\n\n<div style=\"height:60px\" aria-hidden=\"true\" class=\"wp-block-spacer\"><\/div>\n\n\n\n<p class=\"has-text-align-center\" style=\"font-size:25px\">Sve komunikacije su privatne i poverljive \u2013 bilo mejlom, telefonom ili na<br>seansi. Ovo je <mark style=\"background-color:rgba(0, 0, 0, 0)\" class=\"has-inline-color has-zeever-secondary-color\">OBOSTRANO<\/mark>, \u0161to zna\u010di da <mark style=\"background-color:rgba(0, 0, 0, 0);color:#749eec\" class=\"has-inline-color\">zahtevam da ti po\u0161tuje\u0161 moju<br>privatnost na na\u010din na koji ja po\u0161tujem tvoju.<\/mark><\/p>\n\n\n\n<div style=\"height:35px\" aria-hidden=\"true\" class=\"wp-block-spacer\"><\/div>\n\n\n\n<p class=\"has-text-align-center\" style=\"font-size:25px\"><mark style=\"background-color:rgba(0, 0, 0, 0);color:#749eec\" class=\"has-inline-color\">Seanse se doga\u0111aju samo po mom pristanku, zna\u010di da ostavljam sebi<br>pravo da odbijem seansu. Pogotov sa onima koji kr\u0161e pravila.<\/mark><\/p>\n\n\n\n<div style=\"height:35px\" aria-hidden=\"true\" class=\"wp-block-spacer\"><\/div>\n\n\n\n<p class=\"has-text-align-center\" style=\"font-size:25px\">Veoma mi je stalo do diskrecije i preduzimam razne mere da je sa\u010duvam.<br>Ne ostvarujem prva kontakt, sva prepiska je \u0161ifrovana i samo meni<br>dostupna. Ne snimam ni slike, ni video klipove, niti upu\u0107ujem na tebe na<br>raznim sajtovima i forumima (osim ako izri\u010dito to ne zahteva\u0161). Drugim<br>re\u010dima, \u0161ta se dogodi kod Mene, ostaje kod Mene\u2026 ukoliko ne zahteva\u0161<br>druga\u010dije.<\/p>\n\n\n\n<div style=\"height:35px\" aria-hidden=\"true\" class=\"wp-block-spacer\"><\/div>\n\n\n\n<p class=\"has-text-align-center\" style=\"font-size:25px\">Ne preporu\u010dujem i ne spominjem nikoga bez izri\u010dite dozvole. Ovo<br>garantuje najvi\u0161i nivo privatnosti.<\/p>\n\n\n\n<div style=\"height:35px\" aria-hidden=\"true\" class=\"wp-block-spacer\"><\/div>\n\n\n\n<p class=\"has-text-align-center\" style=\"font-size:25px\"><mark style=\"background-color:rgba(0, 0, 0, 0)\" class=\"has-inline-color has-zeever-secondary-color\">Postoje tri mogu\u010dnosti da prekr\u0161im diskreciju:<\/mark><\/p>\n\n\n\n<div style=\"height:35px\" aria-hidden=\"true\" class=\"wp-block-spacer\"><\/div>\n\n\n\n<p class=\"has-text-align-center\" style=\"font-size:25px\"><mark style=\"background-color:rgba(0, 0, 0, 0);color:#749eec\" class=\"has-inline-color\">1.Ako predstavlja\u0161 pretnju za sebe.<br>2.Ako predstavlja\u0161 pretnju za druge.<br>3.U nekim ekstremnim situacijama gde zakon to zahteva od mene, u<br>skladu sa iskustvima iz drugih profesija koje zahtevaju diskreciju.<\/mark><\/p>\n\n\n\n<div style=\"height:35px\" aria-hidden=\"true\" class=\"wp-block-spacer\"><\/div>\n\n\n\n<p class=\"has-text-align-center\" style=\"font-size:25px\"><mark style=\"background-color:rgba(0, 0, 0, 0);color:#749eec\" class=\"has-inline-color\">Zahtevam da po\u0161tuje\u0161 moju privatnost<\/mark>, isto kako ja po\u0161tujem tvoju. Ne<br>pri\u010dam o tvom indetitetu (ime, broj telefona i sli\u010dno) ili na\u0161im seansama<br>bez tvog pristanka. O\u010dekujem to isto i od tebe.<\/p>\n\n\n\n<div style=\"height:60px\" aria-hidden=\"true\" class=\"wp-block-spacer\"><\/div>\n\n\n\n<p class=\"has-text-align-center\" style=\"font-size:25px\">Ne uzvra\u0107am propu\u0161tene pozive, najvi\u0161e radi za\u0161tite, kako moje,<br>tako i tvoje privatnost.<\/p>\n\n\n\n<div style=\"height:60px\" aria-hidden=\"true\" class=\"wp-block-spacer\"><\/div>\n\n\n\n<h1 class=\"wp-block-heading has-text-align-center\"><mark style=\"background-color:rgba(0, 0, 0, 0)\" class=\"has-inline-color has-zeever-secondary-color\">Zakazivanje<\/mark><\/h1>\n\n\n\n<div style=\"height:60px\" aria-hidden=\"true\" class=\"wp-block-spacer\"><\/div>\n\n\n\n<p class=\"has-text-align-center\" style=\"font-size:25px\">Organizujem seanse u\u017eivo \u2013 od podneva do pono\u0107i, sedam dana nedeljno.<\/p>\n\n\n\n<div style=\"height:35px\" aria-hidden=\"true\" class=\"wp-block-spacer\"><\/div>\n\n\n\n<p class=\"has-text-align-center\" style=\"font-size:25px\">Seanse bi trebalo da budu zakazane bar<mark style=\"background-color:rgba(0, 0, 0, 0);color:#749eec\" class=\"has-inline-color\"> 24 sata ranije<\/mark>.<\/p>\n\n\n\n<p class=\"has-text-align-center\" style=\"font-size:25px\">Redovni klijenti imaju privilegiju zakazivanja istog dana, mada dostupnost tada nije<br>zagarantovana. Zakazivanje danas-za danas zahteva bar 3 sata razmaka<br>izme\u0111u trenutka kada sam potvrdila i po\u010detka seanse.<\/p>\n\n\n\n<div style=\"height:35px\" aria-hidden=\"true\" class=\"wp-block-spacer\"><\/div>\n\n\n\n<p class=\"has-text-align-center\" style=\"font-size:25px\">Seanse van mog prostora i putovanja su mogu\u0107e ako sam raspolo\u017eena i<br><mark style=\"background-color:rgba(0, 0, 0, 0)\" class=\"has-inline-color has-zeever-secondary-color\">JEDINO<\/mark> sa onima sa kojima imam izgra\u0111en dobar odnos. U tom slu\u010daju ti<br>snosi\u0161 sve moje tro\u0161kove, osim ako je to na de\u0161avanju na koje bih svakako<br>i\u0161la. <mark style=\"background-color:rgba(0, 0, 0, 0);color:#749eec\" class=\"has-inline-color\">Ovakve seanse moraju biti pla\u0107ene unapred i u celosti.<\/mark><\/p>\n\n\n\n<div style=\"height:35px\" aria-hidden=\"true\" class=\"wp-block-spacer\"><\/div>\n\n\n\n<p class=\"has-text-align-center\" style=\"font-size:25px\"><mark style=\"background-color:rgba(0, 0, 0, 0)\" class=\"has-inline-color has-zeever-secondary-color\">Seanse u tvom prostoru nisu mogu\u0107e.<\/mark><\/p>\n\n\n\n<div style=\"height:35px\" aria-hidden=\"true\" class=\"wp-block-spacer\"><\/div>\n\n\n\n<p class=\"has-text-align-center\" style=\"font-size:25px\"><mark style=\"background-color:rgba(0, 0, 0, 0);color:#749eec\" class=\"has-inline-color\">Budi ta\u010dan prilikom dolaska na seansu. Ako \u0107e\u0161 kasniti, obavesti me. Ako<br>stigne\u0161 ranije, sa\u010dekaj. Ne prihvatam raniji po\u010detak seansi, niti za par<br>minuta.<\/mark><\/p>\n\n\n\n<div style=\"height:35px\" aria-hidden=\"true\" class=\"wp-block-spacer\"><\/div>\n\n\n\n<p class=\"has-text-align-center\" style=\"font-size:25px\"><mark style=\"background-color:rgba(0, 0, 0, 0);color:#749eec\" class=\"has-inline-color\">Ka\u0161njenje podrazumeva skra\u0107ivanje seanse, <\/mark><mark style=\"background-color:rgba(0, 0, 0, 0)\" class=\"has-inline-color has-zeever-secondary-color\">bez smanjivanja nadoknade.<\/mark><mark style=\"background-color:rgba(0, 0, 0, 0);color:#749eec\" class=\"has-inline-color\"><br>Zadr\u017eavam pravo na tra\u017eenje depozita. Neki primeri: specijalni zahtevi<br>(npr. prisustvo drugih, seansa van mog prostora), razni problemi prilikom<br>ranijih seansi kao i seanse koje zahtevaju kupovinu posebnih materijala i<br>opreme<\/mark><\/p>\n\n\n\n<div style=\"height:35px\" aria-hidden=\"true\" class=\"wp-block-spacer\"><\/div>\n\n\n\n<p class=\"has-text-align-center\" style=\"font-size:25px\"><mark style=\"background-color:rgba(0, 0, 0, 0);color:#749eec\" class=\"has-inline-color\">Ako otkazuje\u0161 ili pomera\u0161 seansu molim da me obavesti\u0161 24 sata ranije,<br>odnosno 48 sati za seanse van mog prostora. Pravovremeno<br>obave\u0161tavanje mi omogu\u0107ava da se organizujem i spre\u010dimo nepotrebne<br>tro\u0161kove.<\/mark><\/p>\n\n\n\n<div style=\"height:35px\" aria-hidden=\"true\" class=\"wp-block-spacer\"><\/div>\n\n\n\n<p class=\"has-text-align-center\" style=\"font-size:25px\"><mark style=\"background-color:rgba(0, 0, 0, 0)\" class=\"has-inline-color has-zeever-secondary-color\">Nedolazak ili otkazivanje seanse u zadnjem trenutku (4 sata ranije ili manje) \u0107e biti<br>NAPLA\u0106ENO kao da se seansa odr\u017eala. Ukoliko se ne plati, bi\u0107e ti zauvek<br>zabranjen kontakt sa mnom.<\/mark><\/p>\n\n\n\n<div style=\"height:35px\" aria-hidden=\"true\" class=\"wp-block-spacer\"><\/div>\n\n\n\n<p class=\"has-text-align-center\" style=\"font-size:25px\"><mark style=\"background-color:rgba(0, 0, 0, 0)\" class=\"has-inline-color has-zeever-secondary-color\">Nemoj biti nepristojan, navaljivati ili se pona\u0161ati razma\u017eeno.<br>Zaista za ne poverovati, ali ljudi znaju da se pona\u0161aju tako. Nevaspitano<br>pona\u0161anje je za mene \u0161okantnije od svih mogu\u0107ih feti\u0161a koje ima\u0161.<\/mark><\/p>\n\n\n\n<div style=\"height:35px\" aria-hidden=\"true\" class=\"wp-block-spacer\"><\/div>\n\n\n\n<p class=\"has-text-align-center\" style=\"font-size:25px\">Obostrano po\u0161tovanje je osnova da bi se lepo proveli.<\/p>\n\n\n\n<div style=\"height:60px\" aria-hidden=\"true\" class=\"wp-block-spacer\"><\/div>\n\n\n\n<p><\/p>\n","protected":false},"excerpt":{"rendered":"<p>Pona\u0161anje O\u010dekujem da mi se obra\u0107a\u0161 sa Madam ili Miss Dora, tako\u0111e \u0107u uzvratitiobra\u0107anjem na na\u010din koji ti \u017eeli\u0161. Uvek i u svakom trenutku \u0107e\u0161 se pona\u0161ati sa po\u0161tovanjem prema meni.Ako ti je to te\u0161ko, onda me nemoj ni kontaktirati. Ovde smo da ja dominiram tobom a ne obrnuto. Ne prihvatam ube\u0111ivanjaniti re\u017eisere seanse. Ja nisam lutka na koncu, ja nisam igra\u010dka na daljinskoupravljanje, ve\u0107 sam saradnik i omogu\u0107avam ostvarivanje fantazija.Sve cene su jasno izra\u017eene na stranicama u zavisnosti od du\u017eine i tipaslu\u017eenja. NIKAKO nemoj koristiti alkohol ili opijate pre seanse. Ako si uzeo drogu ilialkohol ne\u0107u te primiti. Alkohol<\/p>\n","protected":false},"author":1,"featured_media":0,"parent":0,"menu_order":0,"comment_status":"closed","ping_status":"closed","template":"","meta":{"footnotes":""},"class_list":["post-394","page","type-page","status-publish","hentry"],"yoast_head":"<!-- This site is optimized with the Yoast SEO plugin v25.6 - https:\/\/yoast.com\/wordpress\/plugins\/seo\/ -->\n<title>Pravila - Surova Domina<\/title>\n<meta name=\"robots\" content=\"index, follow, max-snippet:-1, max-image-preview:large, max-video-preview:-1\" \/>\n<link rel=\"canonical\" href=\"https:\/\/surova-domina.com\/?page_id=394\" \/>\n<meta property=\"og:locale\" content=\"en_US\" \/>\n<meta property=\"og:type\" content=\"article\" \/>\n<meta property=\"og:title\" content=\"Pravila - Surova Domina\" \/>\n<meta property=\"og:description\" content=\"Pona\u0161anje O\u010dekujem da mi se obra\u0107a\u0161 sa Madam ili Miss Dora, tako\u0111e \u0107u uzvratitiobra\u0107anjem na na\u010din koji ti \u017eeli\u0161. Uvek i u svakom trenutku \u0107e\u0161 se pona\u0161ati sa po\u0161tovanjem prema meni.Ako ti je to te\u0161ko, onda me nemoj ni kontaktirati. Ovde smo da ja dominiram tobom a ne obrnuto. Ne prihvatam ube\u0111ivanjaniti re\u017eisere seanse. Ja nisam lutka na koncu, ja nisam igra\u010dka na daljinskoupravljanje, ve\u0107 sam saradnik i omogu\u0107avam ostvarivanje fantazija.Sve cene su jasno izra\u017eene na stranicama u zavisnosti od du\u017eine i tipaslu\u017eenja. NIKAKO nemoj koristiti alkohol ili opijate pre seanse. Ako si uzeo drogu ilialkohol ne\u0107u te primiti. Alkohol\" \/>\n<meta property=\"og:url\" content=\"https:\/\/surova-domina.com\/?page_id=394\" \/>\n<meta property=\"og:site_name\" content=\"Surova Domina\" \/>\n<meta property=\"article:modified_time\" content=\"2024-11-02T14:02:49+00:00\" \/>\n<meta name=\"twitter:card\" content=\"summary_large_image\" \/>\n<meta name=\"twitter:label1\" content=\"Est. reading time\" \/>\n\t<meta name=\"twitter:data1\" content=\"4 minutes\" \/>\n<script type=\"application\/ld+json\" class=\"yoast-schema-graph\">{\"@context\":\"https:\/\/schema.org\",\"@graph\":[{\"@type\":\"WebPage\",\"@id\":\"https:\/\/surova-domina.com\/?page_id=394\",\"url\":\"https:\/\/surova-domina.com\/?page_id=394\",\"name\":\"Pravila - Surova Domina\",\"isPartOf\":{\"@id\":\"https:\/\/surova-domina.com\/#website\"},\"datePublished\":\"2024-10-24T10:39:53+00:00\",\"dateModified\":\"2024-11-02T14:02:49+00:00\",\"breadcrumb\":{\"@id\":\"https:\/\/surova-domina.com\/?page_id=394#breadcrumb\"},\"inLanguage\":\"en-US\",\"potentialAction\":[{\"@type\":\"ReadAction\",\"target\":[\"https:\/\/surova-domina.com\/?page_id=394\"]}]},{\"@type\":\"BreadcrumbList\",\"@id\":\"https:\/\/surova-domina.com\/?page_id=394#breadcrumb\",\"itemListElement\":[{\"@type\":\"ListItem\",\"position\":1,\"name\":\"Home\",\"item\":\"https:\/\/surova-domina.com\/\"},{\"@type\":\"ListItem\",\"position\":2,\"name\":\"Pravila\"}]},{\"@type\":\"WebSite\",\"@id\":\"https:\/\/surova-domina.com\/#website\",\"url\":\"https:\/\/surova-domina.com\/\",\"name\":\"Surova Domina\",\"description\":\"\",\"alternateName\":\"Dora Petrova\",\"potentialAction\":[{\"@type\":\"SearchAction\",\"target\":{\"@type\":\"EntryPoint\",\"urlTemplate\":\"https:\/\/surova-domina.com\/?s={search_term_string}\"},\"query-input\":{\"@type\":\"PropertyValueSpecification\",\"valueRequired\":true,\"valueName\":\"search_term_string\"}}],\"inLanguage\":\"en-US\"}]}<\/script>\n<!-- \/ Yoast SEO plugin. -->","yoast_head_json":{"title":"Pravila - Surova Domina","robots":{"index":"index","follow":"follow","max-snippet":"max-snippet:-1","max-image-preview":"max-image-preview:large","max-video-preview":"max-video-preview:-1"},"canonical":"https:\/\/surova-domina.com\/?page_id=394","og_locale":"en_US","og_type":"article","og_title":"Pravila - Surova Domina","og_description":"Pona\u0161anje O\u010dekujem da mi se obra\u0107a\u0161 sa Madam ili Miss Dora, tako\u0111e \u0107u uzvratitiobra\u0107anjem na na\u010din koji ti \u017eeli\u0161. Uvek i u svakom trenutku \u0107e\u0161 se pona\u0161ati sa po\u0161tovanjem prema meni.Ako ti je to te\u0161ko, onda me nemoj ni kontaktirati. Ovde smo da ja dominiram tobom a ne obrnuto. Ne prihvatam ube\u0111ivanjaniti re\u017eisere seanse. Ja nisam lutka na koncu, ja nisam igra\u010dka na daljinskoupravljanje, ve\u0107 sam saradnik i omogu\u0107avam ostvarivanje fantazija.Sve cene su jasno izra\u017eene na stranicama u zavisnosti od du\u017eine i tipaslu\u017eenja. NIKAKO nemoj koristiti alkohol ili opijate pre seanse. Ako si uzeo drogu ilialkohol ne\u0107u te primiti. Alkohol","og_url":"https:\/\/surova-domina.com\/?page_id=394","og_site_name":"Surova Domina","article_modified_time":"2024-11-02T14:02:49+00:00","twitter_card":"summary_large_image","twitter_misc":{"Est. reading time":"4 minutes"},"schema":{"@context":"https:\/\/schema.org","@graph":[{"@type":"WebPage","@id":"https:\/\/surova-domina.com\/?page_id=394","url":"https:\/\/surova-domina.com\/?page_id=394","name":"Pravila - Surova Domina","isPartOf":{"@id":"https:\/\/surova-domina.com\/#website"},"datePublished":"2024-10-24T10:39:53+00:00","dateModified":"2024-11-02T14:02:49+00:00","breadcrumb":{"@id":"https:\/\/surova-domina.com\/?page_id=394#breadcrumb"},"inLanguage":"en-US","potentialAction":[{"@type":"ReadAction","target":["https:\/\/surova-domina.com\/?page_id=394"]}]},{"@type":"BreadcrumbList","@id":"https:\/\/surova-domina.com\/?page_id=394#breadcrumb","itemListElement":[{"@type":"ListItem","position":1,"name":"Home","item":"https:\/\/surova-domina.com\/"},{"@type":"ListItem","position":2,"name":"Pravila"}]},{"@type":"WebSite","@id":"https:\/\/surova-domina.com\/#website","url":"https:\/\/surova-domina.com\/","name":"Surova Domina","description":"","alternateName":"Dora Petrova","potentialAction":[{"@type":"SearchAction","target":{"@type":"EntryPoint","urlTemplate":"https:\/\/surova-domina.com\/?s={search_term_string}"},"query-input":{"@type":"PropertyValueSpecification","valueRequired":true,"valueName":"search_term_string"}}],"inLanguage":"en-US"}]}},"_links":{"self":[{"href":"https:\/\/surova-domina.com\/index.php?rest_route=\/wp\/v2\/pages\/394"}],"collection":[{"href":"https:\/\/surova-domina.com\/index.php?rest_route=\/wp\/v2\/pages"}],"about":[{"href":"https:\/\/surova-domina.com\/index.php?rest_route=\/wp\/v2\/types\/page"}],"author":[{"embeddable":true,"href":"https:\/\/surova-domina.com\/index.php?rest_route=\/wp\/v2\/users\/1"}],"replies":[{"embeddable":true,"href":"https:\/\/surova-domina.com\/index.php?rest_route=%2Fwp%2Fv2%2Fcomments&post=394"}],"version-history":[{"count":35,"href":"https:\/\/surova-domina.com\/index.php?rest_route=\/wp\/v2\/pages\/394\/revisions"}],"predecessor-version":[{"id":485,"href":"https:\/\/surova-domina.com\/index.php?rest_route=\/wp\/v2\/pages\/394\/revisions\/485"}],"wp:attachment":[{"href":"https:\/\/surova-domina.com\/index.php?rest_route=%2Fwp%2Fv2%2Fmedia&parent=394"}],"curies":[{"name":"wp","href":"https:\/\/api.w.org\/{rel}","templated":true}]}}