{"id":162,"date":"2024-10-24T10:38:14","date_gmt":"2024-10-24T10:38:14","guid":{"rendered":"https:\/\/surova-domina.com\/?page_id=162"},"modified":"2024-11-01T07:24:53","modified_gmt":"2024-11-01T07:24:53","slug":"biography","status":"publish","type":"page","link":"https:\/\/surova-domina.com\/?page_id=162","title":{"rendered":"Biografija"},"content":{"rendered":"\n<h1 class=\"wp-block-heading has-text-align-center\" style=\"font-size:60px\"><mark style=\"background-color:rgba(0, 0, 0, 0)\" class=\"has-inline-color has-zeever-secondary-color\">Born to punish and enslave!<\/mark><\/h1>\n\n\n\n<div class=\"wp-block-gutenverse-divider guten-element guten-divider guten-F0QtJI hide-mobile\"><div class=\"guten-divider-wrapper\"><div class=\"guten-divider-default guten-divider-line guten-divider-regular\"><\/div><\/div><\/div>\n\n\n\n<div class=\"wp-block-media-text is-stacked-on-mobile\" style=\"grid-template-columns:30% auto\"><figure class=\"wp-block-media-text__media\"><img loading=\"lazy\" decoding=\"async\" width=\"1216\" height=\"1714\" src=\"https:\/\/surova-domina.com\/wp-content\/uploads\/2024\/10\/IMG_20231230_182231-1.jpg\" alt=\"Dominant and strict lady with red lipstik on her mouth and black hair wearing bussines suit\" class=\"wp-image-326 size-full\" srcset=\"https:\/\/surova-domina.com\/wp-content\/uploads\/2024\/10\/IMG_20231230_182231-1.jpg 1216w, https:\/\/surova-domina.com\/wp-content\/uploads\/2024\/10\/IMG_20231230_182231-1-213x300.jpg 213w, https:\/\/surova-domina.com\/wp-content\/uploads\/2024\/10\/IMG_20231230_182231-1-726x1024.jpg 726w, https:\/\/surova-domina.com\/wp-content\/uploads\/2024\/10\/IMG_20231230_182231-1-768x1083.jpg 768w, https:\/\/surova-domina.com\/wp-content\/uploads\/2024\/10\/IMG_20231230_182231-1-1090x1536.jpg 1090w\" sizes=\"(max-width: 1216px) 100vw, 1216px\" \/><\/figure><div class=\"wp-block-media-text__content\">\n<p class=\"has-text-align-center has-zeever-primary-color has-text-color has-link-color wp-elements-4f3ad8fb38959e479cb632c8232d3d83\" style=\"font-size:25px\">Profesionalna Domina i aseksualni Sadista iz Srbije. Ro\u0111ena 1990. godine.<br>Infamous u BDSM-u od 2014te godine.<\/p>\n\n\n\n<p class=\"has-text-align-center has-zeever-primary-color has-text-color has-link-color wp-elements-7bd804ee4b179697074263403b6b8bfb\" style=\"font-size:25px\">Sebe vidim u ulozi Domine, zato o\u010dekujem da mi se obra\u0107as sa Madam ili Miss. <\/p>\n\n\n\n<p class=\"has-text-align-center has-zeever-primary-color has-text-color has-link-color wp-elements-82db5681d4eaf3bbf79f363cdefacc18\" style=\"font-size:25px\">Volim opustene i prirodne seanse i ne smatram vecinu video clipova koji su danas svima dostupni prirodnim, niti realnim u praksi. <\/p>\n\n\n\n<p><\/p>\n<\/div><\/div>\n\n\n\n<p class=\"has-zeever-primary-color has-text-color has-link-color wp-elements-c3f3ab8702608a80186d1df8ba9f6c32\" style=\"font-size:25px\"><\/p>\n\n\n\n<p><\/p>\n\n\n\n<div class=\"wp-block-media-text has-media-on-the-right is-stacked-on-mobile\" style=\"grid-template-columns:auto 30%\"><div class=\"wp-block-media-text__content\">\n<p class=\"has-text-align-center has-zeever-primary-color has-text-color has-link-color wp-elements-e5f3c7cd932ec099a288516cb6672939\" style=\"font-size:25px\">Glavni feti\u0161i i interesovanja su sve vezano za medical i needle play, ekseri, pirsinzi, ljudska pepeljara, feminizacija i sissy play, anal play i pegging, ljudski name\u0161taj, \u0161amari, igra uloga, CBT, sve vrste vezivanja, bi\u010devanje, uretral insertation (sounding), ball busting, electro play, poni\u017eavanje itd.<\/p>\n<\/div><figure class=\"wp-block-media-text__media\"><img loading=\"lazy\" decoding=\"async\" width=\"819\" height=\"1024\" src=\"https:\/\/surova-domina.com\/wp-content\/uploads\/2024\/10\/Z2A484300-e1729716788927-819x1024.jpg\" alt=\"medical nurse in medical suit with female patient wearing red lipstik, \" class=\"wp-image-338 size-full\" srcset=\"https:\/\/surova-domina.com\/wp-content\/uploads\/2024\/10\/Z2A484300-e1729716788927-819x1024.jpg 819w, https:\/\/surova-domina.com\/wp-content\/uploads\/2024\/10\/Z2A484300-e1729716788927-240x300.jpg 240w, https:\/\/surova-domina.com\/wp-content\/uploads\/2024\/10\/Z2A484300-e1729716788927-768x960.jpg 768w, https:\/\/surova-domina.com\/wp-content\/uploads\/2024\/10\/Z2A484300-e1729716788927-1229x1536.jpg 1229w, https:\/\/surova-domina.com\/wp-content\/uploads\/2024\/10\/Z2A484300-e1729716788927.jpg 1600w\" sizes=\"(max-width: 819px) 100vw, 819px\" \/><\/figure><\/div>\n\n\n\n<p><\/p>\n\n\n\n<p class=\"has-zeever-primary-color has-text-color has-link-color wp-elements-c3f3ab8702608a80186d1df8ba9f6c32\" style=\"font-size:25px\"><\/p>\n\n\n\n<div class=\"wp-block-media-text is-stacked-on-mobile\" style=\"grid-template-columns:30% auto\"><figure class=\"wp-block-media-text__media\"><img loading=\"lazy\" decoding=\"async\" width=\"461\" height=\"1024\" src=\"https:\/\/surova-domina.com\/wp-content\/uploads\/2024\/10\/IMG-20210628-WA0005-e1729716828474-461x1024.jpg\" alt=\"Dominant woman with long black hair dressed in leather with leather gloves and pvc heels\" class=\"wp-image-345 size-full\" srcset=\"https:\/\/surova-domina.com\/wp-content\/uploads\/2024\/10\/IMG-20210628-WA0005-e1729716828474-461x1024.jpg 461w, https:\/\/surova-domina.com\/wp-content\/uploads\/2024\/10\/IMG-20210628-WA0005-e1729716828474-135x300.jpg 135w, https:\/\/surova-domina.com\/wp-content\/uploads\/2024\/10\/IMG-20210628-WA0005-e1729716828474-691x1536.jpg 691w, https:\/\/surova-domina.com\/wp-content\/uploads\/2024\/10\/IMG-20210628-WA0005-e1729716828474.jpg 720w\" sizes=\"(max-width: 461px) 100vw, 461px\" \/><\/figure><div class=\"wp-block-media-text__content\">\n<p class=\"has-text-align-center has-zeever-primary-color has-text-color has-link-color wp-elements-d2360a232dd9e0c0be8a401707086ec8\" style=\"font-size:25px\">Po\u0161to se limiti dogovaraju unapred i uvek \u0107e biti ispo\u0161tovani dok po\u0161tuje\u0161 mene i moja pravila, mo\u017eemo da dogovorimo i neke lakse feti\u0161e, poput foot, shoes, nylons, leather feti\u0161a, poni\u017eavanja, kao i seansu bez boli. Mogu da te sprovedem kroz fantaziju cuckolda, ako se poklapamo u energiji. Ili da mi slu\u017ei\u0161 za findom kao money pig dok te koristim za ispunjavanje svih mojih \u017eelja i hirova. <\/p>\n\n\n\n<p><\/p>\n<\/div><\/div>\n\n\n\n<p><\/p>\n\n\n\n<p><\/p>\n\n\n\n<div class=\"wp-block-media-text has-media-on-the-right is-stacked-on-mobile\" style=\"grid-template-columns:auto 30%\"><div class=\"wp-block-media-text__content\">\n<p class=\"has-text-align-center has-zeever-primary-color has-text-color has-link-color wp-elements-66feba1ff082b0c2dc6b692967577b4c\" style=\"font-size:25px\">Moj u\u017eitak u igri je razmena energije kao i da te dovedem do momenta gde gubi\u0161 kontrolu i nemo\u0107no se treses i uvija\u0161 svoje telo ispred mene, a na\u010din da to ostvarim mo\u017ee biti razli\u010dit. BDSM je ipak fantazija, i meni nije problem da te samo re\u010dima pokorim i postavim na svoje mesto. <\/p>\n\n\n\n<p class=\"has-text-align-center has-zeever-primary-color has-text-color has-link-color wp-elements-96eeeab19025483ea59c7a48e1bbc062\" style=\"font-size:25px\">Ako ne\u0161to od tvojih fetisha nije navedeno, to ne zna\u010di da nije ostvarivo ili da se ne poklapamo.<\/p>\n<\/div><figure class=\"wp-block-media-text__media\"><img loading=\"lazy\" decoding=\"async\" width=\"1155\" height=\"1676\" src=\"https:\/\/surova-domina.com\/wp-content\/uploads\/2024\/10\/IMG_20240510_202955-1-scaled-e1729715236966.jpg\" alt=\"long Red hair goth woman in pvc corset with red nail paint and red mouth very strict and seductive\" class=\"wp-image-325 size-full\" srcset=\"https:\/\/surova-domina.com\/wp-content\/uploads\/2024\/10\/IMG_20240510_202955-1-scaled-e1729715236966.jpg 1155w, https:\/\/surova-domina.com\/wp-content\/uploads\/2024\/10\/IMG_20240510_202955-1-scaled-e1729715236966-207x300.jpg 207w, https:\/\/surova-domina.com\/wp-content\/uploads\/2024\/10\/IMG_20240510_202955-1-scaled-e1729715236966-706x1024.jpg 706w, https:\/\/surova-domina.com\/wp-content\/uploads\/2024\/10\/IMG_20240510_202955-1-scaled-e1729715236966-768x1114.jpg 768w, https:\/\/surova-domina.com\/wp-content\/uploads\/2024\/10\/IMG_20240510_202955-1-scaled-e1729715236966-1059x1536.jpg 1059w\" sizes=\"(max-width: 1155px) 100vw, 1155px\" \/><\/figure><\/div>\n\n\n\n<p class=\"has-zeever-primary-color has-text-color has-link-color wp-elements-c3f3ab8702608a80186d1df8ba9f6c32\" style=\"font-size:25px\"><\/p>\n\n\n\n<p class=\"has-zeever-secondary-color has-text-color has-link-color wp-elements-6275acd5ce64dd3bb25217330a16a405\" style=\"font-size:25px\"><\/p>\n\n\n\n<div class=\"wp-block-media-text is-stacked-on-mobile\" style=\"grid-template-columns:30% auto\"><figure class=\"wp-block-media-text__media\"><img loading=\"lazy\" decoding=\"async\" width=\"1924\" height=\"1600\" src=\"https:\/\/surova-domina.com\/wp-content\/uploads\/2024\/10\/Z2A485400-e1729714847503.jpg\" alt=\"Female black hair dominant doctor with her female patient putting black breathing mask on her facem \" class=\"wp-image-340 size-full\" srcset=\"https:\/\/surova-domina.com\/wp-content\/uploads\/2024\/10\/Z2A485400-e1729714847503.jpg 1924w, https:\/\/surova-domina.com\/wp-content\/uploads\/2024\/10\/Z2A485400-e1729714847503-300x249.jpg 300w, https:\/\/surova-domina.com\/wp-content\/uploads\/2024\/10\/Z2A485400-e1729714847503-1024x852.jpg 1024w, https:\/\/surova-domina.com\/wp-content\/uploads\/2024\/10\/Z2A485400-e1729714847503-768x639.jpg 768w, https:\/\/surova-domina.com\/wp-content\/uploads\/2024\/10\/Z2A485400-e1729714847503-1536x1277.jpg 1536w\" sizes=\"(max-width: 1924px) 100vw, 1924px\" \/><\/figure><div class=\"wp-block-media-text__content\">\n<p class=\"has-text-align-center has-zeever-secondary-color has-text-color has-link-color wp-elements-66f0819bcf1c848f4994038ab73d6faf\" style=\"font-size:25px\">Limiti su toilet fetishi, seksualni kontakt i usluge, kao i sve sto je zakonom zabranjeno, poput igre sa maloletnim licima, zoofilije, prostitucije (osim ako nije re\u010d o fantaziji gde bi ti bila moja kurva), trajnih posledica zbog kojih mogu zakonski da odgovaram. Upotreba narkotika i opijata tokom senase, ali vi\u0161e o tome mo\u017ees pro\u010ditati na stranici <a href=\"https:\/\/surova-domina.com\/?page_id=394\">PRAVILA.<\/a><\/p>\n\n\n\n<p><\/p>\n\n\n\n<p><\/p>\n\n\n\n<p><\/p>\n<\/div><\/div>\n\n\n\n<div class=\"wp-block-media-text has-media-on-the-right is-stacked-on-mobile\" style=\"grid-template-columns:auto 30%\"><div class=\"wp-block-media-text__content\">\n<p class=\"has-text-align-center has-zeever-primary-color has-text-color has-link-color wp-elements-7c4b868719677bd1e580b5e2510bd0eb\" style=\"font-size:25px\">Igram se radi mog zadovoljstva i mog osmeha, ne obrnuto, bez obzira \u0161to pristajem da praktukujem isklju\u010divo zajedni\u010dke feti\u0161e i \u0161to je i meni bitno da oboje u\u017eivamo u tvom slu\u017eenju.<\/p>\n\n\n\n<p class=\"has-zeever-primary-color has-text-color has-link-color wp-elements-b4dc5a00db7569eb07c768cf8ba29370\" style=\"font-size:25px\"><\/p>\n<\/div><figure class=\"wp-block-media-text__media\"><img loading=\"lazy\" decoding=\"async\" width=\"651\" height=\"1024\" src=\"https:\/\/surova-domina.com\/wp-content\/uploads\/2024\/10\/1721407791864-1-e1729715576883-651x1024.jpg\" alt=\"femme fatale, long black hair dominant woman in leather dress with leather cape, in fetish nylons, bare feet with high heels next to her\" class=\"wp-image-322 size-full\" srcset=\"https:\/\/surova-domina.com\/wp-content\/uploads\/2024\/10\/1721407791864-1-e1729715576883-651x1024.jpg 651w, https:\/\/surova-domina.com\/wp-content\/uploads\/2024\/10\/1721407791864-1-e1729715576883-191x300.jpg 191w, https:\/\/surova-domina.com\/wp-content\/uploads\/2024\/10\/1721407791864-1-e1729715576883-768x1208.jpg 768w, https:\/\/surova-domina.com\/wp-content\/uploads\/2024\/10\/1721407791864-1-e1729715576883.jpg 899w\" sizes=\"(max-width: 651px) 100vw, 651px\" \/><\/figure><\/div>\n\n\n\n<p class=\"has-zeever-primary-color has-text-color has-link-color wp-elements-c3f3ab8702608a80186d1df8ba9f6c32\" style=\"font-size:25px\"><\/p>\n\n\n\n<div class=\"wp-block-media-text is-stacked-on-mobile\" style=\"grid-template-columns:30% auto\"><figure class=\"wp-block-media-text__media\"><img loading=\"lazy\" decoding=\"async\" width=\"577\" height=\"1024\" src=\"https:\/\/surova-domina.com\/wp-content\/uploads\/2024\/10\/AirBrush_20230216154622-577x1024.jpg\" alt=\"Very strict and dominant woman dressed in pvc leather corset and pants and wearing high heels, with beautiful face \" class=\"wp-image-343 size-full\" srcset=\"https:\/\/surova-domina.com\/wp-content\/uploads\/2024\/10\/AirBrush_20230216154622-577x1024.jpg 577w, https:\/\/surova-domina.com\/wp-content\/uploads\/2024\/10\/AirBrush_20230216154622-169x300.jpg 169w, https:\/\/surova-domina.com\/wp-content\/uploads\/2024\/10\/AirBrush_20230216154622-768x1363.jpg 768w, https:\/\/surova-domina.com\/wp-content\/uploads\/2024\/10\/AirBrush_20230216154622-865x1536.jpg 865w, https:\/\/surova-domina.com\/wp-content\/uploads\/2024\/10\/AirBrush_20230216154622-1154x2048.jpg 1154w, https:\/\/surova-domina.com\/wp-content\/uploads\/2024\/10\/AirBrush_20230216154622.jpg 1217w\" sizes=\"(max-width: 577px) 100vw, 577px\" \/><\/figure><div class=\"wp-block-media-text__content\">\n<p class=\"has-text-align-center has-zeever-primary-color has-text-color has-link-color wp-elements-7f80724aecdddd10c5e7005b5d0b63e5\" style=\"font-size:25px\">Organizujem i svoje redovne BDSM evente u Beogradu gde je akcenat na interakciji, umesto na performansima. <br>Duboka ljubav prema BDSM-u me motivi\u0161e da istra\u017eujem i uvek \u0161irim svoja inetersovanja, kao i da isprobavam nove feti\u0161e i na\u010dine igre. <\/p>\n\n\n\n<p class=\"has-text-align-center has-zeever-primary-color has-text-color has-link-color wp-elements-3fd32c820bb7f7d2ca4889635b3376c7\" style=\"font-size:25px\">Trudim se da putujem \u0161to vi\u0161e i pose\u0107ujem BDSM evente \u0161irom Evrope. I da tu kulturu donesem i svoje iskustvo podelim u Srbiji.<br><br><\/p>\n\n\n\n<p><\/p>\n<\/div><\/div>\n\n\n\n<p><\/p>\n\n\n\n<p><\/p>\n","protected":false},"excerpt":{"rendered":"<p>Born to punish and enslave! Profesionalna Domina i aseksualni Sadista iz Srbije. Ro\u0111ena 1990. godine.Infamous u BDSM-u od 2014te godine. Sebe vidim u ulozi Domine, zato o\u010dekujem da mi se obra\u0107as sa Madam ili Miss. Volim opustene i prirodne seanse i ne smatram vecinu video clipova koji su danas svima dostupni prirodnim, niti realnim u praksi. Glavni feti\u0161i i interesovanja su sve vezano za medical i needle play, ekseri, pirsinzi, ljudska pepeljara, feminizacija i sissy play, anal play i pegging, ljudski name\u0161taj, \u0161amari, igra uloga, CBT, sve vrste vezivanja, bi\u010devanje, uretral insertation (sounding), ball busting, electro play, poni\u017eavanje itd. Po\u0161to<\/p>\n","protected":false},"author":1,"featured_media":0,"parent":0,"menu_order":0,"comment_status":"closed","ping_status":"closed","template":"","meta":{"footnotes":""},"class_list":["post-162","page","type-page","status-publish","hentry"],"yoast_head":"<!-- This site is optimized with the Yoast SEO plugin v25.6 - https:\/\/yoast.com\/wordpress\/plugins\/seo\/ -->\n<title>Biografija - Surova Domina<\/title>\n<meta name=\"robots\" content=\"index, follow, max-snippet:-1, max-image-preview:large, max-video-preview:-1\" \/>\n<link rel=\"canonical\" href=\"https:\/\/surova-domina.com\/?page_id=162\" \/>\n<meta property=\"og:locale\" content=\"en_US\" \/>\n<meta property=\"og:type\" content=\"article\" \/>\n<meta property=\"og:title\" content=\"Biografija - Surova Domina\" \/>\n<meta property=\"og:description\" content=\"Born to punish and enslave! Profesionalna Domina i aseksualni Sadista iz Srbije. Ro\u0111ena 1990. godine.Infamous u BDSM-u od 2014te godine. Sebe vidim u ulozi Domine, zato o\u010dekujem da mi se obra\u0107as sa Madam ili Miss. Volim opustene i prirodne seanse i ne smatram vecinu video clipova koji su danas svima dostupni prirodnim, niti realnim u praksi. Glavni feti\u0161i i interesovanja su sve vezano za medical i needle play, ekseri, pirsinzi, ljudska pepeljara, feminizacija i sissy play, anal play i pegging, ljudski name\u0161taj, \u0161amari, igra uloga, CBT, sve vrste vezivanja, bi\u010devanje, uretral insertation (sounding), ball busting, electro play, poni\u017eavanje itd. Po\u0161to\" \/>\n<meta property=\"og:url\" content=\"https:\/\/surova-domina.com\/?page_id=162\" \/>\n<meta property=\"og:site_name\" content=\"Surova Domina\" \/>\n<meta property=\"article:modified_time\" content=\"2024-11-01T07:24:53+00:00\" \/>\n<meta property=\"og:image\" content=\"https:\/\/surova-domina.com\/wp-content\/uploads\/2024\/10\/IMG_20231230_182231-1.jpg\" \/>\n\t<meta property=\"og:image:width\" content=\"1216\" \/>\n\t<meta property=\"og:image:height\" content=\"1714\" \/>\n\t<meta property=\"og:image:type\" content=\"image\/jpeg\" \/>\n<meta name=\"twitter:card\" content=\"summary_large_image\" \/>\n<meta name=\"twitter:label1\" content=\"Est. reading time\" \/>\n\t<meta name=\"twitter:data1\" content=\"4 minutes\" \/>\n<script type=\"application\/ld+json\" class=\"yoast-schema-graph\">{\"@context\":\"https:\/\/schema.org\",\"@graph\":[{\"@type\":\"WebPage\",\"@id\":\"https:\/\/surova-domina.com\/?page_id=162\",\"url\":\"https:\/\/surova-domina.com\/?page_id=162\",\"name\":\"Biografija - Surova Domina\",\"isPartOf\":{\"@id\":\"https:\/\/surova-domina.com\/#website\"},\"primaryImageOfPage\":{\"@id\":\"https:\/\/surova-domina.com\/?page_id=162#primaryimage\"},\"image\":{\"@id\":\"https:\/\/surova-domina.com\/?page_id=162#primaryimage\"},\"thumbnailUrl\":\"https:\/\/surova-domina.com\/wp-content\/uploads\/2024\/10\/IMG_20231230_182231-1.jpg\",\"datePublished\":\"2024-10-24T10:38:14+00:00\",\"dateModified\":\"2024-11-01T07:24:53+00:00\",\"breadcrumb\":{\"@id\":\"https:\/\/surova-domina.com\/?page_id=162#breadcrumb\"},\"inLanguage\":\"en-US\",\"potentialAction\":[{\"@type\":\"ReadAction\",\"target\":[\"https:\/\/surova-domina.com\/?page_id=162\"]}]},{\"@type\":\"ImageObject\",\"inLanguage\":\"en-US\",\"@id\":\"https:\/\/surova-domina.com\/?page_id=162#primaryimage\",\"url\":\"https:\/\/surova-domina.com\/wp-content\/uploads\/2024\/10\/IMG_20231230_182231-1.jpg\",\"contentUrl\":\"https:\/\/surova-domina.com\/wp-content\/uploads\/2024\/10\/IMG_20231230_182231-1.jpg\",\"width\":1216,\"height\":1714},{\"@type\":\"BreadcrumbList\",\"@id\":\"https:\/\/surova-domina.com\/?page_id=162#breadcrumb\",\"itemListElement\":[{\"@type\":\"ListItem\",\"position\":1,\"name\":\"Home\",\"item\":\"https:\/\/surova-domina.com\/\"},{\"@type\":\"ListItem\",\"position\":2,\"name\":\"Biografija\"}]},{\"@type\":\"WebSite\",\"@id\":\"https:\/\/surova-domina.com\/#website\",\"url\":\"https:\/\/surova-domina.com\/\",\"name\":\"Surova Domina\",\"description\":\"\",\"alternateName\":\"Dora Petrova\",\"potentialAction\":[{\"@type\":\"SearchAction\",\"target\":{\"@type\":\"EntryPoint\",\"urlTemplate\":\"https:\/\/surova-domina.com\/?s={search_term_string}\"},\"query-input\":{\"@type\":\"PropertyValueSpecification\",\"valueRequired\":true,\"valueName\":\"search_term_string\"}}],\"inLanguage\":\"en-US\"}]}<\/script>\n<!-- \/ Yoast SEO plugin. -->","yoast_head_json":{"title":"Biografija - Surova Domina","robots":{"index":"index","follow":"follow","max-snippet":"max-snippet:-1","max-image-preview":"max-image-preview:large","max-video-preview":"max-video-preview:-1"},"canonical":"https:\/\/surova-domina.com\/?page_id=162","og_locale":"en_US","og_type":"article","og_title":"Biografija - Surova Domina","og_description":"Born to punish and enslave! Profesionalna Domina i aseksualni Sadista iz Srbije. Ro\u0111ena 1990. godine.Infamous u BDSM-u od 2014te godine. Sebe vidim u ulozi Domine, zato o\u010dekujem da mi se obra\u0107as sa Madam ili Miss. Volim opustene i prirodne seanse i ne smatram vecinu video clipova koji su danas svima dostupni prirodnim, niti realnim u praksi. Glavni feti\u0161i i interesovanja su sve vezano za medical i needle play, ekseri, pirsinzi, ljudska pepeljara, feminizacija i sissy play, anal play i pegging, ljudski name\u0161taj, \u0161amari, igra uloga, CBT, sve vrste vezivanja, bi\u010devanje, uretral insertation (sounding), ball busting, electro play, poni\u017eavanje itd. Po\u0161to","og_url":"https:\/\/surova-domina.com\/?page_id=162","og_site_name":"Surova Domina","article_modified_time":"2024-11-01T07:24:53+00:00","og_image":[{"width":1216,"height":1714,"url":"https:\/\/surova-domina.com\/wp-content\/uploads\/2024\/10\/IMG_20231230_182231-1.jpg","type":"image\/jpeg"}],"twitter_card":"summary_large_image","twitter_misc":{"Est. reading time":"4 minutes"},"schema":{"@context":"https:\/\/schema.org","@graph":[{"@type":"WebPage","@id":"https:\/\/surova-domina.com\/?page_id=162","url":"https:\/\/surova-domina.com\/?page_id=162","name":"Biografija - Surova Domina","isPartOf":{"@id":"https:\/\/surova-domina.com\/#website"},"primaryImageOfPage":{"@id":"https:\/\/surova-domina.com\/?page_id=162#primaryimage"},"image":{"@id":"https:\/\/surova-domina.com\/?page_id=162#primaryimage"},"thumbnailUrl":"https:\/\/surova-domina.com\/wp-content\/uploads\/2024\/10\/IMG_20231230_182231-1.jpg","datePublished":"2024-10-24T10:38:14+00:00","dateModified":"2024-11-01T07:24:53+00:00","breadcrumb":{"@id":"https:\/\/surova-domina.com\/?page_id=162#breadcrumb"},"inLanguage":"en-US","potentialAction":[{"@type":"ReadAction","target":["https:\/\/surova-domina.com\/?page_id=162"]}]},{"@type":"ImageObject","inLanguage":"en-US","@id":"https:\/\/surova-domina.com\/?page_id=162#primaryimage","url":"https:\/\/surova-domina.com\/wp-content\/uploads\/2024\/10\/IMG_20231230_182231-1.jpg","contentUrl":"https:\/\/surova-domina.com\/wp-content\/uploads\/2024\/10\/IMG_20231230_182231-1.jpg","width":1216,"height":1714},{"@type":"BreadcrumbList","@id":"https:\/\/surova-domina.com\/?page_id=162#breadcrumb","itemListElement":[{"@type":"ListItem","position":1,"name":"Home","item":"https:\/\/surova-domina.com\/"},{"@type":"ListItem","position":2,"name":"Biografija"}]},{"@type":"WebSite","@id":"https:\/\/surova-domina.com\/#website","url":"https:\/\/surova-domina.com\/","name":"Surova Domina","description":"","alternateName":"Dora Petrova","potentialAction":[{"@type":"SearchAction","target":{"@type":"EntryPoint","urlTemplate":"https:\/\/surova-domina.com\/?s={search_term_string}"},"query-input":{"@type":"PropertyValueSpecification","valueRequired":true,"valueName":"search_term_string"}}],"inLanguage":"en-US"}]}},"_links":{"self":[{"href":"https:\/\/surova-domina.com\/index.php?rest_route=\/wp\/v2\/pages\/162"}],"collection":[{"href":"https:\/\/surova-domina.com\/index.php?rest_route=\/wp\/v2\/pages"}],"about":[{"href":"https:\/\/surova-domina.com\/index.php?rest_route=\/wp\/v2\/types\/page"}],"author":[{"embeddable":true,"href":"https:\/\/surova-domina.com\/index.php?rest_route=\/wp\/v2\/users\/1"}],"replies":[{"embeddable":true,"href":"https:\/\/surova-domina.com\/index.php?rest_route=%2Fwp%2Fv2%2Fcomments&post=162"}],"version-history":[{"count":32,"href":"https:\/\/surova-domina.com\/index.php?rest_route=\/wp\/v2\/pages\/162\/revisions"}],"predecessor-version":[{"id":459,"href":"https:\/\/surova-domina.com\/index.php?rest_route=\/wp\/v2\/pages\/162\/revisions\/459"}],"wp:attachment":[{"href":"https:\/\/surova-domina.com\/index.php?rest_route=%2Fwp%2Fv2%2Fmedia&parent=162"}],"curies":[{"name":"wp","href":"https:\/\/api.w.org\/{rel}","templated":true}]}}